{"id":2,"date":"2015-11-23T20:29:48","date_gmt":"2015-11-23T18:29:48","guid":{"rendered":"http:\/\/zalesikom.zdiar.eu\/?page_id=2"},"modified":"2020-01-09T15:31:57","modified_gmt":"2020-01-09T13:31:57","slug":"ukazka-strany","status":"publish","type":"page","link":"https:\/\/zalesikom.zdiar.eu\/en\/","title":{"rendered":"Home"},"content":{"rendered":"<p><div class=\"info-box-row clearfix\" id=\"info-box-row-54\">\n<div id=\"info-box-54\" class=\" ffs-five-one ffs-info-box center \" ><a href=\"http:\/\/zalesikom.zdiar.eu\/?p=73\"><div class=\"ffs-icon-box\"><span class=\"ffs-icon-container\"><i class=\"fa fa-check-square-o\" style=\"background-color:#905a20; color:#fff;\"><\/i><\/span><\/div><div class=\"ffs-content-box\"><div class=\"infobox-title\" style=\"text-align:center; font-size:20px; text-transform: uppercase; \">Apartm\u00e1n<\/div><div class=\"infobox-text\"  style=\"text-align:center; font-size:13px; \" >Pre\u010d\u00edtajte si,\u00a0\u010di V\u00e1m\u00a0vyhovuje tento typ\u00a0ubytovania.<\/div><\/div><\/a><\/div><div id=\"info-box-100\" class=\" ffs-five-one ffs-info-box center \" ><a href=\"http:\/\/zalesikom.zdiar.eu\/?p=75\"><div class=\"ffs-icon-box\"><span class=\"ffs-icon-container\"><i class=\"fa fa-camera\" style=\"background-color:#905a20; color:#fff;\"><\/i><\/span><\/div><div class=\"ffs-content-box\"><div class=\"infobox-title\" style=\"text-align:center; font-size:20px; text-transform: uppercase; \">Fotogal\u00e9ria<\/div><div class=\"infobox-text\"  style=\"text-align:center; font-size:13px; \" >Lep\u0161ie je raz vidie\u0165.<\/div><\/div><\/a><\/div>\n<div id=\"info-box-4\" class=\" ffs-five-one ffs-info-box center \" ><a href=\"http:\/\/zalesikom.zdiar.eu\/?p=77\"><div class=\"ffs-icon-box\"><span class=\"ffs-icon-container\"><i class=\"fa fa-binoculars\" style=\"background-color:#905a20; color:#fff;\"><\/i><\/span><\/div><div class=\"ffs-content-box\"><div class=\"infobox-title\" style=\"text-align:center; font-size:20px; text-transform: uppercase; \">Okolie<\/div><div class=\"infobox-text\"  style=\"text-align:center; font-size:13px; \" >Rozhliadnime sa spolu\u00a0po okol\u00ed.<\/div><\/div><\/a><\/div>\n<div id=\"info-box-24\" class=\" ffs-five-one ffs-info-box center \" ><a href=\"http:\/\/zalesikom.zdiar.eu\/?p=79\"><div class=\"ffs-icon-box\"><span class=\"ffs-icon-container\"><i class=\"fa fa-mobile-phone\" style=\"background-color:#905a20; color:#fff;\"><\/i><\/span><\/div><div class=\"ffs-content-box\"><div class=\"infobox-title\" style=\"text-align:center; font-size:20px; text-transform: uppercase; \">Kontakty<\/div><div class=\"infobox-text\"  style=\"text-align:center; font-size:13px; \" >U\u017e sta\u010d\u00ed iba rezervova\u0165. Tu n\u00e1jdete na\u0161e kontakty.<\/div><\/div><\/a><\/div>\n<div id=\"info-box-50\" class=\" ffs-five-one ffs-info-box center last\" ><a href=\"http:\/\/www.facebook.com\/zalesikom\"><div class=\"ffs-icon-box\"><span class=\"ffs-icon-container\"><i class=\"fa fa-facebook\" style=\"background-color:#905a20; color:#fff;\"><\/i><\/span><\/div><div class=\"ffs-content-box\"><div class=\"infobox-title\" style=\"text-align:center; font-size:20px; text-transform: uppercase; \">Facebook<\/div><div class=\"infobox-text\"  style=\"text-align:center; font-size:13px; \" >Priv\u00e1t &#8220;Za les\u00edkom&#8221; je na\u00a0facebooku.<\/div><\/div><\/a><\/div>\n<\/div><div class=\"clearfix\"><\/div><\/p>\n<p><span style=\"color: #ebebd1;\">Pon\u00fakame V\u00e1m\u00a0ubytovanie v rodinnom apartm\u00e1ne v obci \u017ddiar. \u00a0Priv\u00e1t\u00a0sa nach\u00e1dza\u00a0v centr\u00e1lnej\u00a0\u010dasti obce \u017ddiar, ktor\u00fd od obecnej cesty odde\u013euje neve\u013ek\u00fd les\u00edk a mal\u00fd pot\u00f4\u010dik.<\/span><\/p>","protected":false},"excerpt":{"rendered":"<p>Pon\u00fakame V\u00e1m\u00a0ubytovanie v rodinnom apartm\u00e1ne v obci \u017ddiar. \u00a0Priv\u00e1t\u00a0sa nach\u00e1dza\u00a0v centr\u00e1lnej\u00a0\u010dasti obce \u017ddiar, ktor\u00fd od obecnej cesty odde\u013euje neve\u013ek\u00fd les\u00edk a mal\u00fd pot\u00f4\u010dik.<\/p>\n","protected":false},"author":1,"featured_media":0,"parent":0,"menu_order":0,"comment_status":"closed","ping_status":"open","template":"","meta":{"footnotes":""},"class_list":["post-2","page","type-page","status-publish","hentry"],"_links":{"self":[{"href":"https:\/\/zalesikom.zdiar.eu\/en\/wp-json\/wp\/v2\/pages\/2","targetHints":{"allow":["GET"]}}],"collection":[{"href":"https:\/\/zalesikom.zdiar.eu\/en\/wp-json\/wp\/v2\/pages"}],"about":[{"href":"https:\/\/zalesikom.zdiar.eu\/en\/wp-json\/wp\/v2\/types\/page"}],"author":[{"embeddable":true,"href":"https:\/\/zalesikom.zdiar.eu\/en\/wp-json\/wp\/v2\/users\/1"}],"replies":[{"embeddable":true,"href":"https:\/\/zalesikom.zdiar.eu\/en\/wp-json\/wp\/v2\/comments?post=2"}],"version-history":[{"count":83,"href":"https:\/\/zalesikom.zdiar.eu\/en\/wp-json\/wp\/v2\/pages\/2\/revisions"}],"predecessor-version":[{"id":569,"href":"https:\/\/zalesikom.zdiar.eu\/en\/wp-json\/wp\/v2\/pages\/2\/revisions\/569"}],"wp:attachment":[{"href":"https:\/\/zalesikom.zdiar.eu\/en\/wp-json\/wp\/v2\/media?parent=2"}],"curies":[{"name":"wp","href":"https:\/\/api.w.org\/{rel}","templated":true}]}}